{"id":85,"date":"2024-12-15T20:47:24","date_gmt":"2024-12-15T20:47:24","guid":{"rendered":"https:\/\/www.bestdrinks.ee\/?post_type=product&#038;p=85"},"modified":"2025-05-22T06:56:57","modified_gmt":"2025-05-22T06:56:57","slug":"fita-azul-exclusive-super-reserve-brut-sparkling-75cl","status":"publish","type":"product","link":"https:\/\/bestdrinks.ee\/en\/toode\/fita-azul-exclusive-super-reserve-brut-sparkling-75cl\/","title":{"rendered":"FITA AZUL Exclusive Super Reserva Brut 75cl"},"content":{"rendered":"<p>Fita Azul Exclusive Super Reserva Brut on eriline Portugali vahuvein, mis on loodud n\u00f5udlikule maitsele. Pikem k\u00fcpsemisaeg annab sellele komplekssuse, s\u00fcgavuse ja elegantsi, muutes iga klaasi unikaalseks elamuseks.<\/p>\n<p><strong>Maitse ja aroom:<\/strong><\/p>\n<p>\u2022\u00a0Aroomis p\u00f5imuvad k\u00fcpsed \u00f5unad, tsitruselised, r\u00f6stitud p\u00e4hklid ja kerge brioche\u2019i n\u00fcanss.<\/p>\n<p>\u2022\u00a0Maitse on rikkalik, kuiv ja suurep\u00e4raselt tasakaalus, peened mullid loovad kreemise ja elegantse tekstuuri.<\/p>\n<p>\u2022\u00a0J\u00e4relmaitse on pikk ja harmooniliselt puuviljane, kerge mineraalsusega.<\/p>\n<p><strong>Serveerimissoovitus:<\/strong><\/p>\n<p>Ideaalne eksklusiivseteks hetkedeks ja suurep\u00e4rane kaaslane mereandidele, grillitud kalale, valgele lihale ja peentele juustudele. Parim serveerimistemperatuur on 6\u20138\u00b0C.<\/p>\n<p>T\u00e4hista elu luksuslikke hetki Fita Azul Exclusive Super Reserva Brut vahuveiniga \u2013 erakordne kvaliteet igas hetkes!<\/p>\n","protected":false},"excerpt":{"rendered":"<p>Valmistatud klaasikalisel \u0161ampanja meetodil. Elegants k\u00f5ige suuremas m\u00f5ttes, mis sobilik ka k\u00f5ige n\u00f5udlikumale maitsele.<\/p>\n<p><strong>Marjad:<\/strong>\u00a0Gouveio,\u00a0Malviasia-Fina,\u00a0Arinto,\u00a0Codega<\/p>\n<p><strong>Alkoholisisaldus:<\/strong> 12%<\/p>\n<p><strong>Maht:<\/strong> 750ml<\/p>\n","protected":false},"featured_media":86,"template":"","meta":{"_acf_changed":false},"product_cat":[28],"product_tag":[],"class_list":{"0":"post-85","1":"product","2":"type-product","3":"status-publish","4":"has-post-thumbnail","6":"product_cat-vahuvein","7":"pa_brand-borges","9":"first","10":"instock","11":"taxable","12":"shipping-taxable","13":"purchasable","14":"product-type-simple"},"acf":[],"_links":{"self":[{"href":"https:\/\/bestdrinks.ee\/en\/wp-json\/wp\/v2\/product\/85","targetHints":{"allow":["GET"]}}],"collection":[{"href":"https:\/\/bestdrinks.ee\/en\/wp-json\/wp\/v2\/product"}],"about":[{"href":"https:\/\/bestdrinks.ee\/en\/wp-json\/wp\/v2\/types\/product"}],"wp:featuredmedia":[{"embeddable":true,"href":"https:\/\/bestdrinks.ee\/en\/wp-json\/wp\/v2\/media\/86"}],"wp:attachment":[{"href":"https:\/\/bestdrinks.ee\/en\/wp-json\/wp\/v2\/media?parent=85"}],"wp:term":[{"taxonomy":"product_cat","embeddable":true,"href":"https:\/\/bestdrinks.ee\/en\/wp-json\/wp\/v2\/product_cat?post=85"},{"taxonomy":"product_tag","embeddable":true,"href":"https:\/\/bestdrinks.ee\/en\/wp-json\/wp\/v2\/product_tag?post=85"}],"curies":[{"name":"wp","href":"https:\/\/api.w.org\/{rel}","templated":true}]}}