{"id":83,"date":"2024-12-15T20:40:50","date_gmt":"2024-12-15T20:40:50","guid":{"rendered":"https:\/\/www.bestdrinks.ee\/?post_type=product&#038;p=83"},"modified":"2025-05-22T07:31:49","modified_gmt":"2025-05-22T07:31:49","slug":"fita-azul-attitude-reserva-brut-75cl-12","status":"publish","type":"product","link":"https:\/\/bestdrinks.ee\/en\/toode\/fita-azul-attitude-reserva-brut-75cl-12\/","title":{"rendered":"FITA AZUL Attitude Reserva Brut 75cl"},"content":{"rendered":"<p>Fita Azul Attitude Reserva Brut on Portugali kvaliteetne vahuvein, mis peegeldab enesekindlust ja elegantsi. Selle peened mullid, v\u00e4rskendav happesus ja tasakaalustatud maitse muudavad selle ideaalseks valikuks igaks t\u00e4histamiseks.<\/p>\n<p><strong>Maitse ja aroom:<\/strong><\/p>\n<p>\u2022\u00a0Aroomis on tunda v\u00e4rskeid tsitruselisi, \u00f5unalisi noote ja kerget r\u00f6stisust.<\/p>\n<p>\u2022\u00a0Maitse on kuiv, elav ja s\u00e4rtsakas, kus peened mullid toovad esile puuviljase ja v\u00e4rske karakteri.<\/p>\n<p>\u2022\u00a0J\u00e4relmaitse on pikk ja nauditavalt puuviljane.<\/p>\n<p><strong>Serveerimissoovitus:<\/strong><\/p>\n<p>Sobib suurep\u00e4raselt aperitiiviks ning mereandide, sushide, salatite ja kergemate roogade k\u00f5rvale. Ideaalne serveerimistemperatuur on 6\u20138\u00b0C.<\/p>\n<p>Naudi elu parimaid hetki Fita Azul Attitude Reserva Brut vahuveiniga \u2013 elegants ja v\u00e4rskus igas klaasis!<\/p>\n","protected":false},"excerpt":{"rendered":"<p>Valmistatud klassikalisel \u0161ampanja meetodil. Elegantse ja j\u00f5ulise olemusega kaunis mull Portugalist.<\/p>\n<p><strong>Marjad:<\/strong>\u00a0Gouveio,\u00a0Malvasia-Fina,\u00a0Arinto,\u00a0Codega<\/p>\n<p><strong>Alkoholisisaldus:<\/strong> 12%<\/p>\n<p><strong>Maht:<\/strong> 750ml<\/p>\n","protected":false},"featured_media":84,"template":"","meta":{"_acf_changed":false},"product_cat":[28],"product_tag":[],"class_list":{"0":"post-83","1":"product","2":"type-product","3":"status-publish","4":"has-post-thumbnail","6":"product_cat-vahuvein","7":"pa_brand-borges","9":"first","10":"instock","11":"taxable","12":"shipping-taxable","13":"purchasable","14":"product-type-simple"},"acf":[],"_links":{"self":[{"href":"https:\/\/bestdrinks.ee\/en\/wp-json\/wp\/v2\/product\/83","targetHints":{"allow":["GET"]}}],"collection":[{"href":"https:\/\/bestdrinks.ee\/en\/wp-json\/wp\/v2\/product"}],"about":[{"href":"https:\/\/bestdrinks.ee\/en\/wp-json\/wp\/v2\/types\/product"}],"wp:featuredmedia":[{"embeddable":true,"href":"https:\/\/bestdrinks.ee\/en\/wp-json\/wp\/v2\/media\/84"}],"wp:attachment":[{"href":"https:\/\/bestdrinks.ee\/en\/wp-json\/wp\/v2\/media?parent=83"}],"wp:term":[{"taxonomy":"product_cat","embeddable":true,"href":"https:\/\/bestdrinks.ee\/en\/wp-json\/wp\/v2\/product_cat?post=83"},{"taxonomy":"product_tag","embeddable":true,"href":"https:\/\/bestdrinks.ee\/en\/wp-json\/wp\/v2\/product_tag?post=83"}],"curies":[{"name":"wp","href":"https:\/\/api.w.org\/{rel}","templated":true}]}}