{"id":248,"date":"2025-05-22T11:43:05","date_gmt":"2025-05-22T11:43:05","guid":{"rendered":"https:\/\/bestdrinks.ee\/?post_type=product&#038;p=248"},"modified":"2025-05-22T12:13:39","modified_gmt":"2025-05-22T12:13:39","slug":"borges-gatao-rose-75cl","status":"publish","type":"product","link":"https:\/\/bestdrinks.ee\/en\/toode\/borges-gatao-rose-75cl\/","title":{"rendered":"Borges Gat\u00e3o Ros\u00e9 75cl"},"content":{"rendered":"<p>Borges Gat\u00e3o Ros\u00e9 on v\u00e4rskendav ja elegantselt tasakaalustatud Portugali roosa vein, mis pakub kergeid puuviljanootide ja \u00f5rna happesuse koosm\u00f5jusid. Selle veini ainulaadne ja stiilne \u201cCantil\u201d pudel muudab iga lonksu eriti meeldej\u00e4\u00e4vaks, pakkudes veini nautimiseks v\u00f5i kingituseks suurep\u00e4rast valikut.<\/p>\n<p><strong>Maitse ja aroom:<\/strong><\/p>\n<p>\u2022 Aroomis on tunda v\u00e4rskeid punaseid marju, nagu maasikad ja vaarikad, koos \u00f5rnade lilleliste n\u00fcanssidega, mis lisavad meeldivat kergust.<\/p>\n<p>\u2022 Maitse on elav ja v\u00e4rske, kus puuviljad ja hapukus loovad sujuva ja tasakaalustatud elamuse.<\/p>\n<p>\u2022 J\u00e4relmaitse on puuviljane ja v\u00e4rskendav, j\u00e4ttes meeldiva, kergelt magusa l\u00f5ppakordi.<\/p>\n<p><strong>Serveerimissoovitus:<\/strong><\/p>\n<p>Sobib suurep\u00e4raselt nautimiseks koos suviste toitude, salatite, mereandide ja grillitud roogadega. Parim serveerida jahutatuna temperatuuril 8\u201310\u00b0C.<\/p>\n<p>Avasta Borges Gat\u00e3o Ros\u00e9 \u2013 iga lonks on t\u00e4is v\u00e4rskust ja elegantsi, pakkudes suurep\u00e4rast veini igaks hetkeks!<\/p>\n","protected":false},"excerpt":{"rendered":"<p>T\u00e4idlane ja elegantne punane vein<\/p>\n<p><strong>Marjad:<\/strong> T\u00fc\u00fcpilised Portugali viinamarjasordid<\/p>\n<p><strong>Alkoholisisaldus:<\/strong> 10,5%<\/p>\n<p><strong>Maht:<\/strong> 750ml<\/p>\n","protected":false},"featured_media":251,"template":"","meta":{"_acf_changed":false},"product_cat":[89],"product_tag":[],"class_list":{"0":"post-248","1":"product","2":"type-product","3":"status-publish","4":"has-post-thumbnail","6":"product_cat-vein","7":"pa_brand-borges","9":"first","10":"instock","11":"taxable","12":"shipping-taxable","13":"purchasable","14":"product-type-simple"},"acf":[],"_links":{"self":[{"href":"https:\/\/bestdrinks.ee\/en\/wp-json\/wp\/v2\/product\/248","targetHints":{"allow":["GET"]}}],"collection":[{"href":"https:\/\/bestdrinks.ee\/en\/wp-json\/wp\/v2\/product"}],"about":[{"href":"https:\/\/bestdrinks.ee\/en\/wp-json\/wp\/v2\/types\/product"}],"wp:featuredmedia":[{"embeddable":true,"href":"https:\/\/bestdrinks.ee\/en\/wp-json\/wp\/v2\/media\/251"}],"wp:attachment":[{"href":"https:\/\/bestdrinks.ee\/en\/wp-json\/wp\/v2\/media?parent=248"}],"wp:term":[{"taxonomy":"product_cat","embeddable":true,"href":"https:\/\/bestdrinks.ee\/en\/wp-json\/wp\/v2\/product_cat?post=248"},{"taxonomy":"product_tag","embeddable":true,"href":"https:\/\/bestdrinks.ee\/en\/wp-json\/wp\/v2\/product_tag?post=248"}],"curies":[{"name":"wp","href":"https:\/\/api.w.org\/{rel}","templated":true}]}}