{"id":245,"date":"2025-05-22T11:37:21","date_gmt":"2025-05-22T11:37:21","guid":{"rendered":"https:\/\/bestdrinks.ee\/?post_type=product&#038;p=245"},"modified":"2025-05-22T12:13:51","modified_gmt":"2025-05-22T12:13:51","slug":"borges-lello-duoro-reserva","status":"publish","type":"product","link":"https:\/\/bestdrinks.ee\/en\/toode\/borges-lello-duoro-reserva\/","title":{"rendered":"Borges Lello Duoro Reserva 75cl"},"content":{"rendered":"<p>Borges Lello Reserva on tipptasemel Portugali punane vein, mis peegeldab piirkonna parimaid veinitootmise traditsioone. See t\u00e4idlane ja elegantselt tasakaalustatud vein pakub rikkalikku maitseprofiili, kus tumedad marjad ja \u00f5rnad v\u00fcrtsid kohtuvad pehmete tanniinidega, luues t\u00e4iusliku elamuse.<\/p>\n<p><strong>Maitse ja aroom:<\/strong><\/p>\n<p>\u2022 Aroomis on tunda tumedate marjade, nagu mustikate ja ploomide, segunemist \u00f5rnade v\u00fcrtside ja tamme nootidega.<\/p>\n<p>\u2022 Maitse on t\u00e4idlane ja sujuv, kus puuviljane magusus ja v\u00fcrtsikad alatoonid loovad harmoonilise ja nauditava elamuse.<\/p>\n<p>\u2022 J\u00e4relmaitse on pikalt kestav, j\u00e4ttes suus t\u00e4idlase ja meeldivalt puuviljase mulje.<\/p>\n<p><strong>Serveerimissoovitus:<\/strong><\/p>\n<p>Sobib suurep\u00e4raselt nautimiseks koos punase liha, grillitud roogade, juustude ja pastaroogade k\u00f5rvale. Parim serveerida jahutatuna temperatuuril 16\u201318\u00b0C.<\/p>\n<p>Avasta Borges Lello Reserva ja naudi iga lonksu t\u00e4idlust, tasakaalu ja elegantsi!<\/p>\n","protected":false},"excerpt":{"rendered":"<p>T\u00e4idlane ja elegantne punane vein<\/p>\n<p><strong>Marjad:<\/strong> Touriga Nacional, Touriga Francesa, Tinta-Roriz, Tinta Barroca, Tinto C\u00e3o, Sous\u00e3o, Touriga Franca<\/p>\n<p><strong>Alkoholisisaldus:<\/strong> 13,5%<\/p>\n<p><strong>Maht:<\/strong> 750ml<\/p>\n","protected":false},"featured_media":246,"template":"","meta":{"_acf_changed":false},"product_cat":[89],"product_tag":[],"class_list":{"0":"post-245","1":"product","2":"type-product","3":"status-publish","4":"has-post-thumbnail","6":"product_cat-vein","7":"pa_brand-borges","9":"first","10":"instock","11":"taxable","12":"shipping-taxable","13":"purchasable","14":"product-type-simple"},"acf":[],"_links":{"self":[{"href":"https:\/\/bestdrinks.ee\/en\/wp-json\/wp\/v2\/product\/245","targetHints":{"allow":["GET"]}}],"collection":[{"href":"https:\/\/bestdrinks.ee\/en\/wp-json\/wp\/v2\/product"}],"about":[{"href":"https:\/\/bestdrinks.ee\/en\/wp-json\/wp\/v2\/types\/product"}],"wp:featuredmedia":[{"embeddable":true,"href":"https:\/\/bestdrinks.ee\/en\/wp-json\/wp\/v2\/media\/246"}],"wp:attachment":[{"href":"https:\/\/bestdrinks.ee\/en\/wp-json\/wp\/v2\/media?parent=245"}],"wp:term":[{"taxonomy":"product_cat","embeddable":true,"href":"https:\/\/bestdrinks.ee\/en\/wp-json\/wp\/v2\/product_cat?post=245"},{"taxonomy":"product_tag","embeddable":true,"href":"https:\/\/bestdrinks.ee\/en\/wp-json\/wp\/v2\/product_tag?post=245"}],"curies":[{"name":"wp","href":"https:\/\/api.w.org\/{rel}","templated":true}]}}