{"id":242,"date":"2025-05-22T11:02:36","date_gmt":"2025-05-22T11:02:36","guid":{"rendered":"https:\/\/bestdrinks.ee\/?post_type=product&#038;p=242"},"modified":"2025-05-22T11:13:46","modified_gmt":"2025-05-22T11:13:46","slug":"charles-debolloy-blanc-de-noirs-premier-cru-75cl","status":"publish","type":"product","link":"https:\/\/bestdrinks.ee\/en\/toode\/charles-debolloy-blanc-de-noirs-premier-cru-75cl\/","title":{"rendered":"Charles Debolloy Blanc de Noirs Premier cru 75cl"},"content":{"rendered":"<p>Charles Debelloy Blanc de Noirs Premier Cru on kvaliteetne Prantsuse \u0161ampanja, mis on valmistatud 100% Pinot Noir viinamarjadest. Ideaalne valik erilisteks hetkedeks ja t\u00e4htp\u00e4evadeks.<\/p>\n<p><strong>Maitse ja aroom:<\/strong><\/p>\n<p data-start=\"511\" data-end=\"618\">\u2022 Aroomis avalduvad k\u00fcpsed virsikud, nektariinid ja plumeria, luues rikkaliku l\u00f5hnabuketi.<\/p>\n<p data-start=\"620\" data-end=\"777\">\u2022 Maitses on tunda t\u00e4idlust ja pehmust, mis sulanduvad pika ja siidise j\u00e4relmaitsega. Tasakaalus tekstuur ja kerge v\u00fcrtsikus toovad esile \u0161ampanja elegantsi.<\/p>\n<p data-start=\"779\" data-end=\"871\">\u2022 J\u00e4relmaitse on pikk, meeldivalt puuviljane ning j\u00e4tab suulaele sooja ja meeldej\u00e4\u00e4va tunde.<\/p>\n<p><strong>Serveerimissoovitus:<\/strong><\/p>\n<p>Sobib suurep\u00e4raselt nautimiseks aperitiivina, kuid t\u00e4iustab ka kergemaid pearoogasid ja peenemaid mereandide valikuid. Serveerida jahutatuna temperatuuril 8\u201310\u00b0C.<\/p>\n","protected":false},"excerpt":{"rendered":"<p>Avasta Charles Debelloy \u0161ampanja ja naudi luksuslikke elamusi!<\/p>\n<p><strong>Marjad: <\/strong>Pinot Noir<\/p>\n<p><strong>Alkoholisisaldus:<\/strong> 12%<\/p>\n<p><strong>Maht:<\/strong> 750ml<\/p>\n","protected":false},"featured_media":243,"template":"","meta":{"_acf_changed":false},"product_cat":[26],"product_tag":[],"class_list":{"0":"post-242","1":"product","2":"type-product","3":"status-publish","4":"has-post-thumbnail","6":"product_cat-sampanja","7":"pa_brand-charles-debelloy","9":"first","10":"instock","11":"taxable","12":"shipping-taxable","13":"purchasable","14":"product-type-simple"},"acf":[],"_links":{"self":[{"href":"https:\/\/bestdrinks.ee\/en\/wp-json\/wp\/v2\/product\/242","targetHints":{"allow":["GET"]}}],"collection":[{"href":"https:\/\/bestdrinks.ee\/en\/wp-json\/wp\/v2\/product"}],"about":[{"href":"https:\/\/bestdrinks.ee\/en\/wp-json\/wp\/v2\/types\/product"}],"wp:featuredmedia":[{"embeddable":true,"href":"https:\/\/bestdrinks.ee\/en\/wp-json\/wp\/v2\/media\/243"}],"wp:attachment":[{"href":"https:\/\/bestdrinks.ee\/en\/wp-json\/wp\/v2\/media?parent=242"}],"wp:term":[{"taxonomy":"product_cat","embeddable":true,"href":"https:\/\/bestdrinks.ee\/en\/wp-json\/wp\/v2\/product_cat?post=242"},{"taxonomy":"product_tag","embeddable":true,"href":"https:\/\/bestdrinks.ee\/en\/wp-json\/wp\/v2\/product_tag?post=242"}],"curies":[{"name":"wp","href":"https:\/\/api.w.org\/{rel}","templated":true}]}}