{"id":237,"date":"2025-05-22T10:39:20","date_gmt":"2025-05-22T10:39:20","guid":{"rendered":"https:\/\/bestdrinks.ee\/?post_type=product&#038;p=237"},"modified":"2025-05-22T10:52:21","modified_gmt":"2025-05-22T10:52:21","slug":"borges-quinta-da-soalheira-tinto-75cl","status":"publish","type":"product","link":"https:\/\/bestdrinks.ee\/en\/toode\/borges-quinta-da-soalheira-tinto-75cl\/","title":{"rendered":"Borges Quinta da Soalheira Tinto 75cl"},"content":{"rendered":"<p>Borges Quinta da Soalheira Tinto on elegantselt tasakaalustatud Portugali punane vein, mis pakub t\u00e4idlasi puuviljaseid maitseid ja \u00f5rnalt v\u00fcrtsikaid noote. Selle veini pehme tekstuur ja intensiivne maitseprofiil toovad esile piirkonnale iseloomulikud rikkalikud maitsed, olles ideaalne valik punase liha, grillitud roogade ja juustude k\u00f5rvale.<\/p>\n<p><strong>Maitse ja aroom:<\/strong><\/p>\n<p>\u2022 Aroomis on tunda tumedaid marju, nagu mustikad ja vaarikad, millele lisanduvad \u00f5rnad v\u00fcrtsilised noodid ja kergelt puidune aktsent.<\/p>\n<p>\u2022 Maitse on t\u00e4idlane ja rikkalik, kus marjade magusus ja pehmed tanniinid loovad tasakaalustatud ja sujuva elamuse.<\/p>\n<p>\u2022 J\u00e4relmaitse on sametine ja kestab pikalt, j\u00e4ttes meeldiva ja puuviljase mulje.<\/p>\n<p><strong>Serveerimissoovitus:<\/strong><\/p>\n<p>Sobib suurep\u00e4raselt nautimiseks koos punase liha, grillitud roogade, juustude ja pasta k\u00f5rvale. Parim serveerida jahutatuna temperatuuril 16\u201318\u00b0C.<\/p>\n<p>Avasta Borges Quinta da Soalheira Tinto ja naudi iga lonksuga t\u00e4idlust ja v\u00fcrtsikat maitsekogemust!<\/p>\n","protected":false},"excerpt":{"rendered":"<p>T\u00e4idlane ja v\u00fcrtsikas punane vein<\/p>\n<p><strong>Marjad:<\/strong> Touriga-Nacional, Touriga Francesa, Tinta-Roriz, Tinta Barroca, Tinto C\u00e3o, Sous\u00e3o, Vinhas Velhas<\/p>\n<p><strong>Alkoholisisaldus:<\/strong> 13,5%<\/p>\n<p><strong>Maht:<\/strong> 750ml<\/p>\n","protected":false},"featured_media":240,"template":"","meta":{"_acf_changed":false},"product_cat":[89],"product_tag":[],"class_list":{"0":"post-237","1":"product","2":"type-product","3":"status-publish","4":"has-post-thumbnail","6":"product_cat-vein","7":"pa_brand-borges","9":"first","10":"instock","11":"taxable","12":"shipping-taxable","13":"purchasable","14":"product-type-simple"},"acf":[],"_links":{"self":[{"href":"https:\/\/bestdrinks.ee\/en\/wp-json\/wp\/v2\/product\/237","targetHints":{"allow":["GET"]}}],"collection":[{"href":"https:\/\/bestdrinks.ee\/en\/wp-json\/wp\/v2\/product"}],"about":[{"href":"https:\/\/bestdrinks.ee\/en\/wp-json\/wp\/v2\/types\/product"}],"wp:featuredmedia":[{"embeddable":true,"href":"https:\/\/bestdrinks.ee\/en\/wp-json\/wp\/v2\/media\/240"}],"wp:attachment":[{"href":"https:\/\/bestdrinks.ee\/en\/wp-json\/wp\/v2\/media?parent=237"}],"wp:term":[{"taxonomy":"product_cat","embeddable":true,"href":"https:\/\/bestdrinks.ee\/en\/wp-json\/wp\/v2\/product_cat?post=237"},{"taxonomy":"product_tag","embeddable":true,"href":"https:\/\/bestdrinks.ee\/en\/wp-json\/wp\/v2\/product_tag?post=237"}],"curies":[{"name":"wp","href":"https:\/\/api.w.org\/{rel}","templated":true}]}}