{"id":230,"date":"2025-05-22T09:35:53","date_gmt":"2025-05-22T09:35:53","guid":{"rendered":"https:\/\/bestdrinks.ee\/?post_type=product&#038;p=230"},"modified":"2025-05-22T10:39:14","modified_gmt":"2025-05-22T10:39:14","slug":"borges-meia-encosta-branco","status":"publish","type":"product","link":"https:\/\/bestdrinks.ee\/en\/toode\/borges-meia-encosta-branco\/","title":{"rendered":"Borges Meia Encosta Branco 75cl"},"content":{"rendered":"<p>Borges Meia Encosta Branco on v\u00e4rskendav ja elegantselt tasakaalustatud Portugali valge vein, mis toob esile puuviljade v\u00e4rskuse ja \u00f5rna maitse. Selle veini puhas ja s\u00e4rav iseloom teeb sellest ideaalse kaaslase igaks toidukorraks v\u00f5i suvisteks \u00f5htuteks.<\/p>\n<p><strong>Maitse ja aroom:<\/strong><\/p>\n<p>\u2022 Aroomis on tunda tsitruselisi, rohelisi \u00f5unu ja \u00f5rna lillel\u00f5hna, mis loovad meeldiva ja v\u00e4rske ava.<\/p>\n<p>\u2022 Maitse on puuviljane ja elav, kus \u00f5rn happesus ja mineraalsus tasakaalustavad v\u00e4rskuse, pakkudes sujuvat ja nauditavat elamust.<\/p>\n<p>\u2022 J\u00e4relmaitse on puhas ja meeldivalt v\u00e4rske, j\u00e4ttes kergelt tsitruselise mulje.<\/p>\n<p><strong>Serveerimissoovitus:<\/strong><\/p>\n<p>Sobib suurep\u00e4raselt mereandide, kergemate salatite ja valge liha roogade k\u00f5rvale. Parim serveerida jahutatuna temperatuuril 8\u201310\u00b0C.<\/p>\n<p>Avasta Borges Meia Encosta Branco ja naudi v\u00e4rskuse ja elegantsi tasakaalu igas lonksus!<\/p>\n","protected":false},"excerpt":{"rendered":"<p>Elegantne ja puuviljane valge vein<\/p>\n<p><strong>Marjad:<\/strong> Malvasia-Fina, Encruzado,Fern\u00e3o-Pires, Bical<\/p>\n<p><strong>Alkoholisisaldus:<\/strong> 12,5%<\/p>\n<p><strong>Maht:<\/strong> 750ml<\/p>\n","protected":false},"featured_media":231,"template":"","meta":{"_acf_changed":false},"product_cat":[89],"product_tag":[],"class_list":{"0":"post-230","1":"product","2":"type-product","3":"status-publish","4":"has-post-thumbnail","6":"product_cat-vein","7":"pa_brand-borges","9":"first","10":"instock","11":"taxable","12":"shipping-taxable","13":"purchasable","14":"product-type-simple"},"acf":[],"_links":{"self":[{"href":"https:\/\/bestdrinks.ee\/en\/wp-json\/wp\/v2\/product\/230","targetHints":{"allow":["GET"]}}],"collection":[{"href":"https:\/\/bestdrinks.ee\/en\/wp-json\/wp\/v2\/product"}],"about":[{"href":"https:\/\/bestdrinks.ee\/en\/wp-json\/wp\/v2\/types\/product"}],"wp:featuredmedia":[{"embeddable":true,"href":"https:\/\/bestdrinks.ee\/en\/wp-json\/wp\/v2\/media\/231"}],"wp:attachment":[{"href":"https:\/\/bestdrinks.ee\/en\/wp-json\/wp\/v2\/media?parent=230"}],"wp:term":[{"taxonomy":"product_cat","embeddable":true,"href":"https:\/\/bestdrinks.ee\/en\/wp-json\/wp\/v2\/product_cat?post=230"},{"taxonomy":"product_tag","embeddable":true,"href":"https:\/\/bestdrinks.ee\/en\/wp-json\/wp\/v2\/product_tag?post=230"}],"curies":[{"name":"wp","href":"https:\/\/api.w.org\/{rel}","templated":true}]}}