{"id":226,"date":"2025-05-22T09:24:25","date_gmt":"2025-05-22T09:24:25","guid":{"rendered":"https:\/\/bestdrinks.ee\/?post_type=product&#038;p=226"},"modified":"2025-05-22T09:29:44","modified_gmt":"2025-05-22T09:29:44","slug":"borges-perola-branco-75cl-kopeeri","status":"publish","type":"product","link":"https:\/\/bestdrinks.ee\/en\/toode\/borges-perola-branco-75cl-kopeeri\/","title":{"rendered":"Borges P\u00e9rola Tinto 75cl"},"content":{"rendered":"<p>Borges P\u00e9rola Tinto on kvaliteetne Portugali punane vein, mis pakub t\u00e4iuslikku tasakaalu puuviljasuse ja \u00f5rnade v\u00fcrtside vahel. Selle pehme ja sametise tekstuuriga vein sobib suurep\u00e4raselt erinevatesse olukordadesse, olgu tegemist \u00f5htus\u00f6\u00f6giga v\u00f5i eriliste hetkede nautimisega.<\/p>\n<p><strong>Maitse ja aroom:<\/strong><\/p>\n<p>\u2022 Aroomis on tunda tumedaid marju, nagu mustikas ja kirss, millele lisanduvad \u00f5rnad v\u00fcrtsised noodid ja kerge tamme puudutus.<\/p>\n<p>\u2022 Maitse on t\u00e4idlane, kus puuviljad ja pehme tanniinsus loovad tasakaalustatud ja nauditava elamuse.<\/p>\n<p>\u2022 J\u00e4relmaitse on sile ja puuviljane, j\u00e4ttes meeldiva ja kestva mulje.<\/p>\n<p><strong style=\"color: rgb(63 63 70 \/ var(--tw-text-opacity, 1)); background-color: rgb(242 241 236 \/ var(--tw-bg-opacity, 1));\">Serveerimissoovitus:<\/strong><\/p>\n<p>Sobib suurep\u00e4raselt liharoogade, juustude ja pasta k\u00f5rvale. Parim nautimiseks jahutatuna temperatuuril 16\u201318\u00b0C.<\/p>\n<p>Avasta Borges P\u00e9rola Tinto ja naudi iga lonksuga t\u00e4idlust ja tasakaalu!<\/p>\n","protected":false},"excerpt":{"rendered":"<p>Rikkalik ja maitsek\u00fcllane punane vein<\/p>\n<p><strong>Marjad:<\/strong> Touriga-Nacional, Touriga-Franca, Tinta-Roriz, Tinta-Barroca, Tinto C\u00e3o<\/p>\n<p><strong>Alkoholisisaldus:<\/strong> 12,5%<\/p>\n<p><strong>Maht:<\/strong> 750ml<\/p>\n","protected":false},"featured_media":228,"template":"","meta":{"_acf_changed":false},"product_cat":[89],"product_tag":[],"class_list":{"0":"post-226","1":"product","2":"type-product","3":"status-publish","4":"has-post-thumbnail","6":"product_cat-vein","7":"pa_brand-borges","9":"first","10":"instock","11":"taxable","12":"shipping-taxable","13":"purchasable","14":"product-type-simple"},"acf":[],"_links":{"self":[{"href":"https:\/\/bestdrinks.ee\/en\/wp-json\/wp\/v2\/product\/226","targetHints":{"allow":["GET"]}}],"collection":[{"href":"https:\/\/bestdrinks.ee\/en\/wp-json\/wp\/v2\/product"}],"about":[{"href":"https:\/\/bestdrinks.ee\/en\/wp-json\/wp\/v2\/types\/product"}],"wp:featuredmedia":[{"embeddable":true,"href":"https:\/\/bestdrinks.ee\/en\/wp-json\/wp\/v2\/media\/228"}],"wp:attachment":[{"href":"https:\/\/bestdrinks.ee\/en\/wp-json\/wp\/v2\/media?parent=226"}],"wp:term":[{"taxonomy":"product_cat","embeddable":true,"href":"https:\/\/bestdrinks.ee\/en\/wp-json\/wp\/v2\/product_cat?post=226"},{"taxonomy":"product_tag","embeddable":true,"href":"https:\/\/bestdrinks.ee\/en\/wp-json\/wp\/v2\/product_tag?post=226"}],"curies":[{"name":"wp","href":"https:\/\/api.w.org\/{rel}","templated":true}]}}