{"id":217,"date":"2025-05-22T08:48:08","date_gmt":"2025-05-22T08:48:08","guid":{"rendered":"https:\/\/bestdrinks.ee\/?post_type=product&#038;p=217"},"modified":"2025-05-22T09:25:00","modified_gmt":"2025-05-22T09:25:00","slug":"borges-at-alvarinho-trajadura-75cl","status":"publish","type":"product","link":"https:\/\/bestdrinks.ee\/en\/toode\/borges-at-alvarinho-trajadura-75cl\/","title":{"rendered":"BORGES AT (Alvarinho Trajadura) 75cl"},"content":{"rendered":"<p>Borges AT on kvaliteetne Portugali vein, mis pakub t\u00e4iuslikku tasakaalu maitse ja aroomi vahel. Selle \u00f5rn ja peen maitseprofiil sobib suurep\u00e4raselt erinevatesse olukordadesse, olgu tegemist \u00f5htus\u00f6\u00f6gi nautimise v\u00f5i eriliste hetkede t\u00e4histamisega.<\/p>\n<p><strong>Maitse ja aroom:<\/strong><\/p>\n<p>\u2022 Aroomis on tunda v\u00e4rskeid puuviljanootide ja lillede h\u00f5ngu, mis annavad veini meeldiva ja kergelt magusa iseloomu.<\/p>\n<p>\u2022 Maitse on tasakaalustatud, kus pehmed puuviljased noodid sulanduvad kokku \u00f5rnalt v\u00fcrtsikate alatoonidega, pakkudes nauditavat ja harmoonilist elamust.<\/p>\n<p>\u2022 J\u00e4relmaitse on meeldivalt puuviljane ja kestab pikka aega, j\u00e4ttes meeldej\u00e4\u00e4va mulje.<\/p>\n<p><strong>Serveerimissoovitus:<\/strong><\/p>\n<p>Sobib suurep\u00e4raselt nautimiseks koos liha-, pasta- ja juusturoogadega. Parim serveerida jahutatuna temperatuuril 12\u201314\u00b0C.<\/p>\n<p>Avasta Borges AT vein ja naudi iga lonksu t\u00e4iuslikku maitsekogemust!<\/p>\n","protected":false},"excerpt":{"rendered":"<p>Elegantne ja maitsekas vein<\/p>\n<p><strong>Marjad:<\/strong> Alvarinho, Trajadura<\/p>\n<p><strong>Alkoholisisaldus:<\/strong> 11,5%<\/p>\n<p><strong>Maht:<\/strong> 750ml<\/p>\n","protected":false},"featured_media":218,"template":"","meta":{"_acf_changed":false},"product_cat":[89],"product_tag":[],"class_list":{"0":"post-217","1":"product","2":"type-product","3":"status-publish","4":"has-post-thumbnail","6":"product_cat-vein","7":"pa_brand-borges","9":"first","10":"instock","11":"taxable","12":"shipping-taxable","13":"purchasable","14":"product-type-simple"},"acf":[],"_links":{"self":[{"href":"https:\/\/bestdrinks.ee\/en\/wp-json\/wp\/v2\/product\/217","targetHints":{"allow":["GET"]}}],"collection":[{"href":"https:\/\/bestdrinks.ee\/en\/wp-json\/wp\/v2\/product"}],"about":[{"href":"https:\/\/bestdrinks.ee\/en\/wp-json\/wp\/v2\/types\/product"}],"wp:featuredmedia":[{"embeddable":true,"href":"https:\/\/bestdrinks.ee\/en\/wp-json\/wp\/v2\/media\/218"}],"wp:attachment":[{"href":"https:\/\/bestdrinks.ee\/en\/wp-json\/wp\/v2\/media?parent=217"}],"wp:term":[{"taxonomy":"product_cat","embeddable":true,"href":"https:\/\/bestdrinks.ee\/en\/wp-json\/wp\/v2\/product_cat?post=217"},{"taxonomy":"product_tag","embeddable":true,"href":"https:\/\/bestdrinks.ee\/en\/wp-json\/wp\/v2\/product_tag?post=217"}],"curies":[{"name":"wp","href":"https:\/\/api.w.org\/{rel}","templated":true}]}}