{"id":214,"date":"2025-05-22T08:36:47","date_gmt":"2025-05-22T08:36:47","guid":{"rendered":"https:\/\/bestdrinks.ee\/?post_type=product&#038;p=214"},"modified":"2025-05-22T08:40:07","modified_gmt":"2025-05-22T08:40:07","slug":"borges-brandy-reserva-magnum-premium-bottle-15l","status":"publish","type":"product","link":"https:\/\/bestdrinks.ee\/en\/toode\/borges-brandy-reserva-magnum-premium-bottle-15l\/","title":{"rendered":"Borges Brandy Reserva Magnum Premium Bottle 1,5L"},"content":{"rendered":"<p>Borges Brandy Reserva Magnum Premium Bottle 150cl on k\u00f5rgekvaliteediline br\u00e4ndi, mis pakub erakordset maitsekogemust ja on ideaalne valik pidulikeks hetkedeks v\u00f5i suurtel koosolekutel nautimiseks. See luksuslik br\u00e4ndy on k\u00fcpsenud pikalt, pakkudes t\u00e4idlaseid, soojendavaid ja v\u00fcrtsikaid noote, mis viivad teie br\u00e4ndi nautimise t\u00e4iesti uuele tasemele. Suurep\u00e4rane valik br\u00e4ndi armastajatele, kes hindavad elegantsi ja keerukust.<\/p>\n<p><strong>Maitse ja Aroom:<\/strong><\/p>\n<p>\u2022 Aroomis on tunda sooje v\u00fcrtside, puidu, vanilje ja kuivatatud puuviljade kompleksset segu, mis toob esile br\u00e4ndi k\u00fcpsuse ja elegantsi.<\/p>\n<p>\u2022 Maitse on t\u00e4idlane ja tasakaalustatud, kus v\u00fcrtsikad ja magusad noodid sulanduvad sujuvaks, sooja ja sametiseks kogemuseks.<\/p>\n<p>\u2022 J\u00e4relmaitse on pikk, meeldivalt rahustav ja veidi p\u00e4hkline, j\u00e4ttes sooja l\u00f5ppakordi, mis kestab kaua.<\/p>\n<p><strong>Serveerimissoovitus:<\/strong><\/p>\n<p>Sobib ideaalselt nautimiseks puhtalt, j\u00e4\u00e4ga v\u00f5i kokteilides. Parim serveerida temperatuuril 18\u201320\u00b0C. Sobib suurep\u00e4raselt ka p\u00e4rast \u00f5htus\u00f6\u00f6ki, et l\u00f5petada \u00f5htus\u00f6\u00f6k elegantselt.<\/p>\n<p>Avasta Borges Brandy Reserva Magnum Premium \u2013 t\u00e4iuslik luksus ja kvaliteet igas lonksus, ideaalne suurte pidustuste ja erilise hetke t\u00e4histamiseks!<\/p>\n","protected":false},"excerpt":{"rendered":"<p><strong>Alkoholisisaldus:<\/strong> 38,5%<\/p>\n<p><strong>Maht:<\/strong> 1,5L<\/p>\n","protected":false},"featured_media":215,"template":"","meta":{"_acf_changed":false},"product_cat":[77],"product_tag":[],"class_list":{"0":"post-214","1":"product","2":"type-product","3":"status-publish","4":"has-post-thumbnail","6":"product_cat-brandi","7":"pa_brand-borges","9":"first","10":"instock","11":"taxable","12":"shipping-taxable","13":"purchasable","14":"product-type-simple"},"acf":[],"_links":{"self":[{"href":"https:\/\/bestdrinks.ee\/en\/wp-json\/wp\/v2\/product\/214","targetHints":{"allow":["GET"]}}],"collection":[{"href":"https:\/\/bestdrinks.ee\/en\/wp-json\/wp\/v2\/product"}],"about":[{"href":"https:\/\/bestdrinks.ee\/en\/wp-json\/wp\/v2\/types\/product"}],"wp:featuredmedia":[{"embeddable":true,"href":"https:\/\/bestdrinks.ee\/en\/wp-json\/wp\/v2\/media\/215"}],"wp:attachment":[{"href":"https:\/\/bestdrinks.ee\/en\/wp-json\/wp\/v2\/media?parent=214"}],"wp:term":[{"taxonomy":"product_cat","embeddable":true,"href":"https:\/\/bestdrinks.ee\/en\/wp-json\/wp\/v2\/product_cat?post=214"},{"taxonomy":"product_tag","embeddable":true,"href":"https:\/\/bestdrinks.ee\/en\/wp-json\/wp\/v2\/product_tag?post=214"}],"curies":[{"name":"wp","href":"https:\/\/api.w.org\/{rel}","templated":true}]}}