{"id":213,"date":"2025-05-22T08:34:23","date_gmt":"2025-05-22T08:34:23","guid":{"rendered":"https:\/\/bestdrinks.ee\/?post_type=product&#038;p=213"},"modified":"2025-05-22T08:40:26","modified_gmt":"2025-05-22T08:40:26","slug":"borges-brandy-reserva-dos-fundadores-magnum","status":"publish","type":"product","link":"https:\/\/bestdrinks.ee\/en\/toode\/borges-brandy-reserva-dos-fundadores-magnum\/","title":{"rendered":"Borges Brandy Reserva dos Fundadores &#8211; Magnum 1,5L"},"content":{"rendered":"<p>Borges Brandy Reserva dos Fundadores on luksuslik ja k\u00f5rgekvaliteediline br\u00e4ndi, millel on mitme aasta k\u00fcpsemise kogemus. Tootmisprotsess on t\u00e4pselt viimistletud, et pakkuda t\u00e4iuslikku tasakaalu rikkalike ja soojust kiirgavate maitsete vahel. Selle br\u00e4ndi elegantne ja t\u00e4idlane iseloom teeb sellest suurep\u00e4rase valiku igaks pidulikuks hetkes ja eriti br\u00e4ndi armastajatele.<\/p>\n<p><strong>Maitse ja Aroom:<\/strong><\/p>\n<p>\u2022 Aroomis on tunda sooje v\u00fcrtside, vanilje, puiduse ja kuivatatud puuviljade noote, mis annavad sellele br\u00e4ndile keerukuse ja s\u00fcgavuse.<\/p>\n<p>\u2022 Maitse on t\u00e4idlane, sujuv ja tasakaalustatud, kus magusad ja v\u00fcrtsikad noodid sulanduvad, pakkudes soojendavat ja nauditavat kogemust.<\/p>\n<p>\u2022 J\u00e4relmaitse on pikk ja rahustav, j\u00e4ttes meeldivalt magusa ja kergelt p\u00e4hkli noodi.<\/p>\n<p><strong>Serveerimissoovitus:<\/strong><\/p>\n<p>Sobib ideaalselt nautimiseks puhtalt, j\u00e4\u00e4ga v\u00f5i osana kokteilidest. Parim serveerida temperatuuril 18\u201320\u00b0C. Samuti on suurep\u00e4rane valik naudinguks p\u00e4rast \u00f5htus\u00f6\u00f6ki v\u00f5i koos kvaliteetsete \u0161okolaadide ja p\u00e4hklitega.<\/p>\n<p>Avasta Borges Brandy Reserva dos Fundadores \u2013 t\u00e4iuslik elegants, mis viib br\u00e4ndi nautimise t\u00e4iesti uuele tasemele!<\/p>\n","protected":false},"excerpt":{"rendered":"<p><strong>Alkoholisisaldus:<\/strong> 38,5%<\/p>\n<p><strong>Maht:<\/strong> 1,5L<\/p>\n","protected":false},"featured_media":211,"template":"","meta":{"_acf_changed":false},"product_cat":[77],"product_tag":[],"class_list":{"0":"post-213","1":"product","2":"type-product","3":"status-publish","4":"has-post-thumbnail","6":"product_cat-brandi","7":"pa_brand-borges","9":"first","10":"instock","11":"taxable","12":"shipping-taxable","13":"purchasable","14":"product-type-simple"},"acf":[],"_links":{"self":[{"href":"https:\/\/bestdrinks.ee\/en\/wp-json\/wp\/v2\/product\/213","targetHints":{"allow":["GET"]}}],"collection":[{"href":"https:\/\/bestdrinks.ee\/en\/wp-json\/wp\/v2\/product"}],"about":[{"href":"https:\/\/bestdrinks.ee\/en\/wp-json\/wp\/v2\/types\/product"}],"wp:featuredmedia":[{"embeddable":true,"href":"https:\/\/bestdrinks.ee\/en\/wp-json\/wp\/v2\/media\/211"}],"wp:attachment":[{"href":"https:\/\/bestdrinks.ee\/en\/wp-json\/wp\/v2\/media?parent=213"}],"wp:term":[{"taxonomy":"product_cat","embeddable":true,"href":"https:\/\/bestdrinks.ee\/en\/wp-json\/wp\/v2\/product_cat?post=213"},{"taxonomy":"product_tag","embeddable":true,"href":"https:\/\/bestdrinks.ee\/en\/wp-json\/wp\/v2\/product_tag?post=213"}],"curies":[{"name":"wp","href":"https:\/\/api.w.org\/{rel}","templated":true}]}}