{"id":207,"date":"2025-05-22T07:37:51","date_gmt":"2025-05-22T07:37:51","guid":{"rendered":"https:\/\/bestdrinks.ee\/?post_type=product&#038;p=207"},"modified":"2025-05-22T07:43:22","modified_gmt":"2025-05-22T07:43:22","slug":"real-senhor-velha-reserva-brut-blanc-de-blancs-75cl","status":"publish","type":"product","link":"https:\/\/bestdrinks.ee\/en\/toode\/real-senhor-velha-reserva-brut-blanc-de-blancs-75cl\/","title":{"rendered":"REAL SENHOR Velha Reserva Brut \u2013 Blanc de Blancs 75cl"},"content":{"rendered":"<p>Borges Real Senhor Velha Reserva Brut \u2013 Blanc de Blancs on eksklusiivne Portugali vahuvein, valmistatud ainult valgetest viinamarjadest. Selle peened mullid, v\u00e4rskus ja delikaatne struktuur teevad sellest suurep\u00e4rase valiku nii erilisteks hetkedeks kui ka peeneks toiduk\u00f5rvaseks.<\/p>\n<p><strong>Maitse ja aroom:<\/strong><\/p>\n<p>\u2022\u00a0Aroomis on tunda v\u00e4rskeid tsitruselisi, valgeid lilli ja \u00f5una, mida t\u00e4iendavad kerged r\u00f6stised ja p\u00e4hklised n\u00fcansid.<\/p>\n<p>\u2022\u00a0Maitse on elegantne, kuiv ja s\u00e4rtsakas, kus peened mullid loovad siidise ja tasakaalustatud tekstuuri.<\/p>\n<p>\u2022\u00a0J\u00e4relmaitse on pikk, v\u00e4rskendav ja kergelt mineraalne.<\/p>\n<p><strong>Serveerimissoovitus:<\/strong><\/p>\n<p>Sobib ideaalselt mereandide, austrite, sushi, valge kala ja peente juustude k\u00f5rvale. Suurep\u00e4rane ka aperitiivina. Parim serveerimistemperatuur on 6\u20138\u00b0C.<\/p>\n<p>Naudi klassikalist Blanc de Blancs vahuveini Borges Real Senhor Velha Reserva Brut \u2013 puhas elegants igas klaasis!<\/p>\n","protected":false},"excerpt":{"rendered":"<p>Valmistatud klassikalisel \u0161ampanja meetodil &#8211; jook, mis peegeldab suurep\u00e4raselt Borgese 130 aastat veinitootmist<\/p>\n<p><strong>Marjad:<\/strong>Encruzado, Fern\u00e3o Pires<\/p>\n<p><strong>Alkoholisisaldus:<\/strong> 12%<\/p>\n<p><strong>Maht:<\/strong> 750ml<\/p>\n","protected":false},"featured_media":208,"template":"","meta":{"_acf_changed":false},"product_cat":[28],"product_tag":[],"class_list":{"0":"post-207","1":"product","2":"type-product","3":"status-publish","4":"has-post-thumbnail","6":"product_cat-vahuvein","7":"pa_brand-borges","9":"first","10":"instock","11":"taxable","12":"shipping-taxable","13":"purchasable","14":"product-type-simple"},"acf":[],"_links":{"self":[{"href":"https:\/\/bestdrinks.ee\/en\/wp-json\/wp\/v2\/product\/207","targetHints":{"allow":["GET"]}}],"collection":[{"href":"https:\/\/bestdrinks.ee\/en\/wp-json\/wp\/v2\/product"}],"about":[{"href":"https:\/\/bestdrinks.ee\/en\/wp-json\/wp\/v2\/types\/product"}],"wp:featuredmedia":[{"embeddable":true,"href":"https:\/\/bestdrinks.ee\/en\/wp-json\/wp\/v2\/media\/208"}],"wp:attachment":[{"href":"https:\/\/bestdrinks.ee\/en\/wp-json\/wp\/v2\/media?parent=207"}],"wp:term":[{"taxonomy":"product_cat","embeddable":true,"href":"https:\/\/bestdrinks.ee\/en\/wp-json\/wp\/v2\/product_cat?post=207"},{"taxonomy":"product_tag","embeddable":true,"href":"https:\/\/bestdrinks.ee\/en\/wp-json\/wp\/v2\/product_tag?post=207"}],"curies":[{"name":"wp","href":"https:\/\/api.w.org\/{rel}","templated":true}]}}