{"id":202,"date":"2025-05-22T07:11:57","date_gmt":"2025-05-22T07:11:57","guid":{"rendered":"https:\/\/bestdrinks.ee\/?post_type=product&#038;p=202"},"modified":"2025-05-22T07:33:30","modified_gmt":"2025-05-22T07:33:30","slug":"real-senhor-velha-reserva-brut-blanc-de-noirs-75cl","status":"publish","type":"product","link":"https:\/\/bestdrinks.ee\/en\/toode\/real-senhor-velha-reserva-brut-blanc-de-noirs-75cl\/","title":{"rendered":"REAL SENHOR Velha Reserva Brut \u2013 Blanc de Noirs 75cl"},"content":{"rendered":"<p>Borges Real Senhor Velha Reserva Brut \u2013 Blanc de Noirs on erakordne Portugali vahuvein, valmistatud ainult punastest viinamarjadest, andes sellele s\u00fcgavuse ja elegantsi. Pikem laagerdumine lisab veinile komplekssust ja kreemisust, muutes iga lonksu ainulaadseks maitseelamuseks.<\/p>\n<p><strong>Maitse ja aroom:<\/strong><\/p>\n<p>\u2022\u00a0Aroomis on tunda k\u00fcpseid luuvilju, kerget r\u00f6stisust ning \u00f5rna p\u00e4hklisust, mida t\u00e4iendavad v\u00e4rsked tsitruselised noodid.<\/p>\n<p>\u2022\u00a0Maitse on t\u00e4idlane ja sametiselt tasakaalus, kuiv ja elegantne, kus peened mullid toovad esile marjased ja mineraalsed n\u00fcansid.<\/p>\n<p>\u2022\u00a0J\u00e4relmaitse on pikk, puuviljane ja rikkalikult kihiline.<\/p>\n<p><strong>Serveerimissoovitus:<\/strong><\/p>\n<p>Ideaalne kaaslane mereandidele, grillitud kalale, valgele lihale ja peenetele juustudele. Sobib ka eriliseks aperitiiviks. Parim serveerimistemperatuur on 6\u20138\u00b0C.<\/p>\n<p>Naudi haruldast kvaliteeti ja s\u00fcgavust Borges Real Senhor Velha Reserva Brut \u2013 Blanc de Noirs vahuveiniga \u2013 klass ja elegants igas mullis!<\/p>\n","protected":false},"excerpt":{"rendered":"<p>Valmistatud klassikalisel \u0161ampanja meetodil &#8211; jook, mis peegeldab suurep\u00e4raselt Borgese 130 aastat veinitootmist<\/p>\n<p><strong>Marjad: <\/strong>Touriga-Nacional<\/p>\n<p><strong>Alkoholisisaldus:<\/strong> 12%<\/p>\n<p><strong>Maht:<\/strong> 750ml<\/p>\n","protected":false},"featured_media":205,"template":"","meta":{"_acf_changed":false},"product_cat":[28],"product_tag":[],"class_list":{"0":"post-202","1":"product","2":"type-product","3":"status-publish","4":"has-post-thumbnail","6":"product_cat-vahuvein","7":"pa_brand-borges","9":"first","10":"instock","11":"taxable","12":"shipping-taxable","13":"purchasable","14":"product-type-simple"},"acf":[],"_links":{"self":[{"href":"https:\/\/bestdrinks.ee\/en\/wp-json\/wp\/v2\/product\/202","targetHints":{"allow":["GET"]}}],"collection":[{"href":"https:\/\/bestdrinks.ee\/en\/wp-json\/wp\/v2\/product"}],"about":[{"href":"https:\/\/bestdrinks.ee\/en\/wp-json\/wp\/v2\/types\/product"}],"wp:featuredmedia":[{"embeddable":true,"href":"https:\/\/bestdrinks.ee\/en\/wp-json\/wp\/v2\/media\/205"}],"wp:attachment":[{"href":"https:\/\/bestdrinks.ee\/en\/wp-json\/wp\/v2\/media?parent=202"}],"wp:term":[{"taxonomy":"product_cat","embeddable":true,"href":"https:\/\/bestdrinks.ee\/en\/wp-json\/wp\/v2\/product_cat?post=202"},{"taxonomy":"product_tag","embeddable":true,"href":"https:\/\/bestdrinks.ee\/en\/wp-json\/wp\/v2\/product_tag?post=202"}],"curies":[{"name":"wp","href":"https:\/\/api.w.org\/{rel}","templated":true}]}}