{"id":199,"date":"2025-05-22T07:01:27","date_gmt":"2025-05-22T07:01:27","guid":{"rendered":"https:\/\/bestdrinks.ee\/?post_type=product&#038;p=199"},"modified":"2025-05-22T07:32:50","modified_gmt":"2025-05-22T07:32:50","slug":"fita-azul-passion-rose-brut-75cl","status":"publish","type":"product","link":"https:\/\/bestdrinks.ee\/en\/toode\/fita-azul-passion-rose-brut-75cl\/","title":{"rendered":"FITA AZUL Passion Ros\u00e9 Brut  75cl"},"content":{"rendered":"<p>Fita Azul Passion Ros\u00e9 Brut on peene iseloomuga Portugali vahuvein, mis \u00fchendab v\u00e4rskuse ja marjase elegantsi. Selle s\u00e4rav roosa toon ja peened mullid teevad sellest t\u00e4iusliku valiku nii romantilisteks hetkedeks kui ka r\u00f5\u00f5msateks t\u00e4histamisteks.<\/p>\n<p><strong>Maitse ja aroom:<\/strong><\/p>\n<p>\u2022\u00a0Aroomis tulevad esile k\u00fcpsed punased marjad, nagu maasikad ja vaarikad, koos \u00f5rnade tsitruseliste ja lilleliste nootidega.<\/p>\n<p>\u2022\u00a0Maitse on v\u00e4rske ja elav, kuiv ja kergelt kreemjas, pakkudes harmoonilist tasakaalu marjase magususe ja s\u00e4rtsaka happesuse vahel.<\/p>\n<p>\u2022\u00a0J\u00e4relmaitse on pikk, puuviljane ja siidiselt pehme.<\/p>\n<p><strong>Serveerimissoovitus:<\/strong><\/p>\n<p>Sobib suurep\u00e4raselt aperitiiviks, sushi, kergemate eelroogade, salatite ja marjadega dessertide k\u00f5rvale. Ideaalne serveerimistemperatuur on 6\u20138\u00b0C.<\/p>\n<p>Naudi kire ja elegantsi t\u00e4iuslikku kooslust Fita Azul Passion Ros\u00e9 Brut vahuveiniga \u2013 iga hetk v\u00e4\u00e4rib t\u00e4histamist!<\/p>\n","protected":false},"excerpt":{"rendered":"<p>Valmistatud klaasikalisel \u0161ampanja meetodil.<\/p>\n<p><strong>Marjad:<\/strong> Tinta-Roriz, Touriga-Nacional<\/p>\n<p><strong>Alkoholisisaldus:<\/strong> 12%<\/p>\n<p><strong>Maht:<\/strong> 750ml<\/p>\n","protected":false},"featured_media":200,"template":"","meta":{"_acf_changed":false},"product_cat":[28],"product_tag":[],"class_list":{"0":"post-199","1":"product","2":"type-product","3":"status-publish","4":"has-post-thumbnail","6":"product_cat-vahuvein","7":"pa_brand-borges","9":"first","10":"instock","11":"taxable","12":"shipping-taxable","13":"purchasable","14":"product-type-simple"},"acf":[],"_links":{"self":[{"href":"https:\/\/bestdrinks.ee\/en\/wp-json\/wp\/v2\/product\/199","targetHints":{"allow":["GET"]}}],"collection":[{"href":"https:\/\/bestdrinks.ee\/en\/wp-json\/wp\/v2\/product"}],"about":[{"href":"https:\/\/bestdrinks.ee\/en\/wp-json\/wp\/v2\/types\/product"}],"wp:featuredmedia":[{"embeddable":true,"href":"https:\/\/bestdrinks.ee\/en\/wp-json\/wp\/v2\/media\/200"}],"wp:attachment":[{"href":"https:\/\/bestdrinks.ee\/en\/wp-json\/wp\/v2\/media?parent=199"}],"wp:term":[{"taxonomy":"product_cat","embeddable":true,"href":"https:\/\/bestdrinks.ee\/en\/wp-json\/wp\/v2\/product_cat?post=199"},{"taxonomy":"product_tag","embeddable":true,"href":"https:\/\/bestdrinks.ee\/en\/wp-json\/wp\/v2\/product_tag?post=199"}],"curies":[{"name":"wp","href":"https:\/\/api.w.org\/{rel}","templated":true}]}}