{"id":194,"date":"2025-05-22T06:34:31","date_gmt":"2025-05-22T06:34:31","guid":{"rendered":"https:\/\/bestdrinks.ee\/?post_type=product&#038;p=194"},"modified":"2025-05-22T07:32:13","modified_gmt":"2025-05-22T07:32:13","slug":"fita-azul-celebration-dry-35cl","status":"publish","type":"product","link":"https:\/\/bestdrinks.ee\/en\/toode\/fita-azul-celebration-dry-35cl\/","title":{"rendered":"FITA AZUL Celebration Dry 37,5cl"},"content":{"rendered":"<p>Fita Azul Celebration Dry on kvaliteetne Portugali vahuvein, mis on loodud eriliste hetkede t\u00e4histamiseks. Selle peen ja tasakaalustatud maitseprofiil pakub kuivust ja v\u00e4rskust, mida t\u00e4iustavad peened mullid ja delikaatsed puuviljanoodid.<\/p>\n<p><strong>Maitse ja Aroom:<\/strong><\/p>\n<p>\u2022\u00a0Aroomis on tunda tsitruselisi, valgeid lilli ja kerget r\u00f6stisust.<\/p>\n<p>\u2022\u00a0Maitse on v\u00e4rske ja elav, kus \u00f5rn hape ja peened mullid loovad nauditava ja harmoonilise kogemuse.<\/p>\n<p>\u2022\u00a0J\u00e4relmaitse on elegantne ja kestvalt puuviljane.<\/p>\n<p><strong>Serveerimissoovitus:<\/strong><\/p>\n<p>Sobib suurep\u00e4raselt aperitiiviks, mereandide, valge liha ja kergemate eelroogade k\u00f5rvale. Parim nautimiseks jahutatuna temperatuuril 6\u20138\u00b0C.<\/p>\n<p>T\u00e4hista erilisi hetki Fita Azul Celebration Reserva Dry vahuveiniga \u2013 elegants igas s\u00f5\u00f5mus!<\/p>\n","protected":false},"excerpt":{"rendered":"<p>Valmistatud klassikalisel \u0161ampanja meetodil. V\u00e4ga hea kompromiss j\u00f5ulisuse ja elegantsuse vahepeal.<\/p>\n<p><strong>Marjad:<\/strong>\u00a0Gouveio,\u00a0Malvasia-Fina,\u00a0Codega,\u00a0Arinto<\/p>\n<p><strong>Alkoholisisaldus:<\/strong> 12%<\/p>\n<p><strong>Maht:<\/strong> 375ml<\/p>\n","protected":false},"featured_media":80,"template":"","meta":{"_acf_changed":false},"product_cat":[28],"product_tag":[],"class_list":{"0":"post-194","1":"product","2":"type-product","3":"status-publish","4":"has-post-thumbnail","6":"product_cat-vahuvein","7":"pa_brand-borges","9":"first","10":"instock","11":"taxable","12":"shipping-taxable","13":"purchasable","14":"product-type-simple"},"acf":[],"_links":{"self":[{"href":"https:\/\/bestdrinks.ee\/en\/wp-json\/wp\/v2\/product\/194","targetHints":{"allow":["GET"]}}],"collection":[{"href":"https:\/\/bestdrinks.ee\/en\/wp-json\/wp\/v2\/product"}],"about":[{"href":"https:\/\/bestdrinks.ee\/en\/wp-json\/wp\/v2\/types\/product"}],"wp:featuredmedia":[{"embeddable":true,"href":"https:\/\/bestdrinks.ee\/en\/wp-json\/wp\/v2\/media\/80"}],"wp:attachment":[{"href":"https:\/\/bestdrinks.ee\/en\/wp-json\/wp\/v2\/media?parent=194"}],"wp:term":[{"taxonomy":"product_cat","embeddable":true,"href":"https:\/\/bestdrinks.ee\/en\/wp-json\/wp\/v2\/product_cat?post=194"},{"taxonomy":"product_tag","embeddable":true,"href":"https:\/\/bestdrinks.ee\/en\/wp-json\/wp\/v2\/product_tag?post=194"}],"curies":[{"name":"wp","href":"https:\/\/api.w.org\/{rel}","templated":true}]}}